{"id":6425,"date":"2019-10-16T09:30:24","date_gmt":"2019-10-16T09:30:24","guid":{"rendered":"https:\/\/www.siftthedifference.com\/?page_id=6425"},"modified":"2026-02-03T08:54:47","modified_gmt":"2026-02-03T08:54:47","slug":"benvenuti","status":"publish","type":"page","link":"https:\/\/www.siftthedifference.com\/it\/benvenuti\/","title":{"rendered":"Benvenuti"},"content":{"rendered":"<section class=\"wpb-content-wrapper\">[vc_row fullwidth=&#8221;true&#8221; equal_columns=&#8221;true&#8221;][vc_column width=&#8221;1\/12&#8243;][\/vc_column][vc_column width=&#8221;1\/12&#8243;][mk_padding_divider size=&#8221;15&#8243;][vc_single_image image=&#8221;6061&#8243; img_size=&#8221;full&#8221;][\/vc_column][vc_column width=&#8221;7\/12&#8243;][vc_column_text css=&#8221;.vc_custom_1571218161980{margin-bottom: 0px !important;}&#8221;]\n<h1>Benvenuti<\/h1>\n[\/vc_column_text][\/vc_column][vc_column visibility=&#8221;hidden-sm&#8221; width=&#8221;1\/6&#8243;][\/vc_column][vc_column width=&#8221;1\/12&#8243;][\/vc_column][\/vc_row][vc_row][vc_column][mk_padding_divider][\/vc_column][\/vc_row][vc_row fullwidth=&#8221;true&#8221;][vc_column width=&#8221;1\/12&#8243;][\/vc_column][vc_column width=&#8221;1\/2&#8243;][vc_video link=&#8221;https:\/\/youtu.be\/WH007_ut7nU?si=eVsfTQa_kI2O8cv5&#8243;][\/vc_column][vc_column width=&#8221;1\/3&#8243;][mk_padding_divider size=&#8221;20&#8243; visibility=&#8221;visible-sm&#8221;][vc_column_text css=&#8221;.vc_custom_1770108686993{margin-bottom: 0px !important;}&#8221;]Benvenuti nel sito che abbiamo realizzato per ospitare i nostri contenuti multimediali.<\/p>\n<p>Erimaki, leader nella progettazione e nella creazione di vibrovagli, \u00e8 una realt\u00e0 italiana che collabora da 40 anni aziende di tutto il mondo.<br \/>\nLa passione che mettiamo in ciascuno dei nostri prodotti, fatti a mano e su misura, rappresenta un vero e proprio valore aggiunto rendendoli pezzi unici pronti a supportarvi al meglio nel vostro business.<\/p>\n<p>Su questa piattaforma avrete la possibilit\u00e0 di esplorare le nostre officine grazie ad un innovativo video virtual tour, di sapere di pi\u00f9 sulla nostra azienda, di scoprire come sono fatti i nostri prodotti o di rimanere in contatto con noi tramite la nostra pagina dedicata ai canali social.<\/p>\n<p>Noi siamo Erimaki, VAGLIATE LA DIFFERENZA!<\/p>\n<p>Se necessitate di ulteriori informazioni tecniche potete visitare il nostro sito ufficiale o contattarci direttamente sia telefonicamente che utilizzando il form di contatto che trovate al fondo di ogni pagina.[\/vc_column_text][\/vc_column][vc_column width=&#8221;1\/12&#8243;][\/vc_column][\/vc_row][vc_row][vc_column][mk_padding_divider size=&#8221;80&#8243;][\/vc_column][\/vc_row][vc_row fullwidth=&#8221;true&#8221;][vc_column][vc_column_text align=&#8221;center&#8221; css=&#8221;.vc_custom_1652869876707{margin-top: 30px !important;margin-right: 20px !important;margin-bottom: 30px !important;margin-left: 20px !important;}&#8221;]\n<h3 style=\"text-align: center;\"><span style=\"color: #f2e500;\">Perch\u00e9 provare i prodotti Erimaki?<\/span><\/h3>\n[\/vc_column_text][vc_row_inner is_fullwidth_content=&#8221;false&#8221;][vc_column_inner width=&#8221;1\/6&#8243;][vc_single_image image=&#8221;6830&#8243; img_size=&#8221;150&#215;150&#8243; alignment=&#8221;center&#8221;][mk_padding_divider size=&#8221;20&#8243;][\/vc_column_inner][vc_column_inner width=&#8221;1\/3&#8243;][vc_column_text css=&#8221;.vc_custom_1652869898232{margin-bottom: 0px !important;}&#8221;]<strong><span style=\"color: #f2e500;\">ESPERIENZA<\/span><\/strong>[\/vc_column_text][vc_column_text css=&#8221;.vc_custom_1770108702965{margin-bottom: 0px !important;}&#8221;]<span style=\"color: #ffffff;\">Oltre 40 anni di esperienza nella produzione di vagli e vibrovagli circolari, setacci e setacciatrici elettriche, vagli a scarico diretto e a nutazione.<\/span>[\/vc_column_text][mk_padding_divider][\/vc_column_inner][vc_column_inner width=&#8221;1\/6&#8243;][vc_single_image image=&#8221;6828&#8243; img_size=&#8221;150&#215;150&#8243; alignment=&#8221;center&#8221;][mk_padding_divider size=&#8221;20&#8243;][\/vc_column_inner][vc_column_inner width=&#8221;1\/3&#8243;][vc_column_text css=&#8221;.vc_custom_1652869928033{margin-bottom: 0px !important;}&#8221;]<strong><span style=\"color: #f2e500;\">CONSULENZA GRATUITA<\/span><\/strong>[\/vc_column_text][vc_column_text css=&#8221;.vc_custom_1652869943936{margin-bottom: 0px !important;}&#8221;]<span style=\"color: #ffffff;\">Centinaia di aziende servite in tutto il mondo ci permettono di avere una vasta ed approfondita esperienza in moltissimi settori, questo ci d\u00e0 la possibilit\u00e0 di suggerire le soluzioni pi\u00f9 adatte e performanti.<\/span>[\/vc_column_text][mk_padding_divider][\/vc_column_inner][\/vc_row_inner][vc_row_inner is_fullwidth_content=&#8221;false&#8221;][vc_column_inner width=&#8221;1\/6&#8243;][vc_single_image image=&#8221;6832&#8243; img_size=&#8221;150&#215;150&#8243; alignment=&#8221;center&#8221;][mk_padding_divider size=&#8221;20&#8243;][\/vc_column_inner][vc_column_inner width=&#8221;1\/3&#8243;][vc_column_text css=&#8221;.vc_custom_1651672220284{margin-bottom: 0px !important;}&#8221;]<strong><span style=\"color: #f2e500;\">MADE IN ITALY<\/span><\/strong>[\/vc_column_text][vc_column_text css=&#8221;.vc_custom_1652869960442{margin-bottom: 0px !important;}&#8221;]<span style=\"color: #ffffff;\">I prodotti, costruiti con materiali certificati e di assoluto livello, sono realizzati a mano presso i nostri stabilimenti da tecnici specializzati rappresentando la tipica espressione del know-how italiano<\/span>[\/vc_column_text][mk_padding_divider][\/vc_column_inner][vc_column_inner width=&#8221;1\/6&#8243;][vc_single_image image=&#8221;6824&#8243; img_size=&#8221;150&#215;150&#8243; alignment=&#8221;center&#8221;][mk_padding_divider size=&#8221;20&#8243;][\/vc_column_inner][vc_column_inner width=&#8221;1\/3&#8243;][vc_column_text css=&#8221;.vc_custom_1652869975474{margin-bottom: 0px !important;}&#8221;]<strong><span style=\"color: #f2e500;\">PROCESSO PRODUTTIVO<\/span><\/strong>[\/vc_column_text][vc_column_text css=&#8221;.vc_custom_1652870008825{margin-bottom: 0px !important;}&#8221;]<span style=\"color: #ffffff;\">I vagli e i setacciatori possono essere abbinati ad una serie di accessori creati ad hoc come i sistemi di pulizia, le reti speciali o i sollevatori di fasce, pneumatici, elettrici o manuali.<\/span>[\/vc_column_text][mk_padding_divider][\/vc_column_inner][\/vc_row_inner][vc_row_inner is_fullwidth_content=&#8221;false&#8221;][vc_column_inner width=&#8221;1\/6&#8243;][vc_single_image image=&#8221;6826&#8243; img_size=&#8221;150&#215;150&#8243; alignment=&#8221;center&#8221;][mk_padding_divider size=&#8221;20&#8243;][\/vc_column_inner][vc_column_inner width=&#8221;5\/6&#8243;][vc_column_text css=&#8221;.vc_custom_1652870028456{margin-bottom: 0px !important;}&#8221;]<strong><span style=\"color: #f2e500;\">ASSISTENZA A DISTANZA E IN LOCO<\/span><\/strong>[\/vc_column_text][vc_column_text css=&#8221;.vc_custom_1652870041894{margin-bottom: 0px !important;}&#8221;]<span style=\"color: #ffffff;\">Erimaki fornisce ai propri clienti sul territorio spagnolo\/olandese un\u2019accurata e tempestiva assistenza tecnica che pu\u00f2 essere effettuata da remoto attraverso videochiamate o direttamente presso l\u2019azienda cliente qualora fosse necessario. <\/span>[\/vc_column_text][mk_padding_divider][\/vc_column_inner][\/vc_row_inner][mk_padding_divider size=&#8221;30&#8243;][\/vc_column][\/vc_row][vc_row][vc_column][vc_raw_html]JTVCY29udGFjdC1mb3JtLTclMjBpZCUzRCUyMjY2OWY5MDclMjIlMjB0aXRsZSUzRCUyMkNvbnRhY3QlMjBmb3JtJTIwMSUyMiU1RA==[\/vc_raw_html][\/vc_column][\/vc_row][vc_row fullwidth=&#8221;true&#8221; visibility=&#8221;hidden-sm&#8221; css=&#8221;.vc_custom_1652864188886{margin-bottom: -50px !important;border-left-width: 0px !important;background-color: #ffffff !important;border-left-style: solid !important;}&#8221;][vc_column width=&#8221;1\/2&#8243;][vc_row_inner][vc_column_inner width=&#8221;1\/4&#8243;][\/vc_column_inner][vc_column_inner width=&#8221;1\/2&#8243;][vc_single_image image=&#8221;6740&#8243; img_size=&#8221;large&#8221; alignment=&#8221;center&#8221; css=&#8221;.vc_custom_1652866416505{margin-top: 40px !important;margin-bottom: 40px !important;}&#8221;][\/vc_column_inner][vc_column_inner width=&#8221;1\/4&#8243;][\/vc_column_inner][\/vc_row_inner][\/vc_column][vc_column width=&#8221;1\/2&#8243; css=&#8221;.vc_custom_1652862028014{border-left-width: 1px !important;border-left-color: #000000 !important;border-left-style: solid !important;}&#8221;][vc_row_inner][vc_column_inner width=&#8221;1\/4&#8243;][\/vc_column_inner][vc_column_inner width=&#8221;1\/2&#8243;][vc_single_image image=&#8221;6794&#8243; img_size=&#8221;large&#8221; alignment=&#8221;center&#8221; onclick=&#8221;custom_link&#8221; css=&#8221;.vc_custom_1652866436985{margin-top: 40px !important;margin-bottom: 40px !important;}&#8221; link=&#8221;https:\/\/www.siftthedifference.com\/it\/bando-fiere-internazionali-in-lombardia\/&#8221;][\/vc_column_inner][vc_column_inner width=&#8221;1\/4&#8243;][\/vc_column_inner][\/vc_row_inner][\/vc_column][\/vc_row][vc_row fullwidth=&#8221;true&#8221; visibility=&#8221;visible-sm&#8221; css=&#8221;.vc_custom_1652864193714{margin-bottom: -30px !important;border-left-width: 0px !important;background-color: #ffffff !important;border-left-style: solid !important;}&#8221;][vc_column width=&#8221;1\/2&#8243;][vc_row_inner][vc_column_inner width=&#8221;1\/4&#8243;][\/vc_column_inner][vc_column_inner width=&#8221;1\/2&#8243;][vc_single_image image=&#8221;6740&#8243; img_size=&#8221;large&#8221; alignment=&#8221;center&#8221; css=&#8221;.vc_custom_1652866429976{margin-top: 40px !important;margin-bottom: 40px !important;}&#8221;][\/vc_column_inner][vc_column_inner width=&#8221;1\/4&#8243;][\/vc_column_inner][\/vc_row_inner][\/vc_column][vc_column width=&#8221;1\/2&#8243; css=&#8221;.vc_custom_1652862196025{border-left-width: 0px !important;border-left-color: #000000 !important;border-left-style: solid !important;}&#8221;][vc_row_inner][vc_column_inner width=&#8221;1\/4&#8243;][\/vc_column_inner][vc_column_inner width=&#8221;1\/2&#8243;][vc_single_image image=&#8221;6794&#8243; img_size=&#8221;large&#8221; alignment=&#8221;center&#8221; onclick=&#8221;custom_link&#8221; css=&#8221;.vc_custom_1652866445378{margin-top: 40px !important;margin-bottom: 40px !important;}&#8221; link=&#8221;https:\/\/www.siftthedifference.com\/it\/bando-fiere-internazionali-in-lombardia\/&#8221;][\/vc_column_inner][vc_column_inner width=&#8221;1\/4&#8243;][\/vc_column_inner][\/vc_row_inner][\/vc_column][\/vc_row]\n<\/section>","protected":false},"excerpt":{"rendered":"<p>[vc_row fullwidth=&#8221;true&#8221; equal_columns=&#8221;true&#8221;][vc_column width=&#8221;1\/12&#8243;][\/vc_column][vc_column width=&#8221;1\/12&#8243;][mk_padding_divider size=&#8221;15&#8243;][vc_single_image image=&#8221;6061&#8243; img_size=&#8221;full&#8221;][\/vc_column][vc_column width=&#8221;7\/12&#8243;][vc_column_text css=&#8221;.vc_custom_1571218161980{margin-bottom: 0px !important;}&#8221;] Benvenuti [\/vc_column_text][\/vc_column][vc_column visibility=&#8221;hidden-sm&#8221; width=&#8221;1\/6&#8243;][\/vc_column][vc_column width=&#8221;1\/12&#8243;][\/vc_column][\/vc_row][vc_row][vc_column][mk_padding_divider][\/vc_column][\/vc_row][vc_row fullwidth=&#8221;true&#8221;][vc_column width=&#8221;1\/12&#8243;][\/vc_column][vc_column width=&#8221;1\/2&#8243;][vc_video link=&#8221;https:\/\/youtu.be\/WH007_ut7nU?si=eVsfTQa_kI2O8cv5&#8243;][\/vc_column][vc_column width=&#8221;1\/3&#8243;][mk_padding_divider size=&#8221;20&#8243; visibility=&#8221;visible-sm&#8221;][vc_column_text css=&#8221;.vc_custom_1770108686993{margin-bottom: 0px !important;}&#8221;]Benvenuti nel sito che abbiamo realizzato per ospitare i nostri contenuti multimediali. Erimaki, leader nella progettazione e nella creazione di vibrovagli, \u00e8 una realt\u00e0 italiana che collabora da 40 [&hellip;]<\/p>\n","protected":false},"author":5,"featured_media":0,"parent":0,"menu_order":0,"comment_status":"closed","ping_status":"closed","template":"","meta":{"footnotes":""},"class_list":["post-6425","page","type-page","status-publish","hentry"],"yoast_head":"<!-- This site is optimized with the Yoast SEO plugin v19.11 - https:\/\/yoast.com\/wordpress\/plugins\/seo\/ -->\n<title>Leader nella produzione di vagli, vibrovagli e setacci - Erimaki<\/title>\n<meta name=\"description\" content=\"Erimaki, leader nella progettazione e nella creazione di vibrovagli, \u00e8 una realt\u00e0 italiana che collabora da 30 anni aziende di tutto il mondo.\" \/>\n<meta name=\"robots\" content=\"index, follow, max-snippet:-1, max-image-preview:large, max-video-preview:-1\" \/>\n<link rel=\"canonical\" href=\"https:\/\/www.siftthedifference.com\/it\/benvenuti\/\" \/>\n<meta property=\"og:locale\" content=\"it_IT\" \/>\n<meta property=\"og:type\" content=\"article\" \/>\n<meta property=\"og:title\" content=\"Leader nella produzione di vagli, vibrovagli e setacci - Erimaki\" \/>\n<meta property=\"og:description\" content=\"Erimaki, leader nella progettazione e nella creazione di vibrovagli, \u00e8 una realt\u00e0 italiana che collabora da 30 anni aziende di tutto il mondo.\" \/>\n<meta property=\"og:url\" content=\"https:\/\/www.siftthedifference.com\/it\/benvenuti\/\" \/>\n<meta property=\"og:site_name\" content=\"Erimaki\" \/>\n<meta property=\"article:modified_time\" content=\"2026-02-03T08:54:47+00:00\" \/>\n<meta name=\"twitter:card\" content=\"summary_large_image\" \/>\n<meta name=\"twitter:label1\" content=\"Tempo di lettura stimato\" \/>\n\t<meta name=\"twitter:data1\" content=\"3 minuti\" \/>\n<script type=\"application\/ld+json\" class=\"yoast-schema-graph\">{\"@context\":\"https:\/\/schema.org\",\"@graph\":[{\"@type\":\"WebPage\",\"@id\":\"https:\/\/www.siftthedifference.com\/it\/benvenuti\/\",\"url\":\"https:\/\/www.siftthedifference.com\/it\/benvenuti\/\",\"name\":\"Leader nella produzione di vagli, vibrovagli e setacci - Erimaki\",\"isPartOf\":{\"@id\":\"https:\/\/www.siftthedifference.com\/it\/#website\"},\"datePublished\":\"2019-10-16T09:30:24+00:00\",\"dateModified\":\"2026-02-03T08:54:47+00:00\",\"description\":\"Erimaki, leader nella progettazione e nella creazione di vibrovagli, \u00e8 una realt\u00e0 italiana che collabora da 30 anni aziende di tutto il mondo.\",\"breadcrumb\":{\"@id\":\"https:\/\/www.siftthedifference.com\/it\/benvenuti\/#breadcrumb\"},\"inLanguage\":\"it-IT\",\"potentialAction\":[{\"@type\":\"ReadAction\",\"target\":[\"https:\/\/www.siftthedifference.com\/it\/benvenuti\/\"]}]},{\"@type\":\"BreadcrumbList\",\"@id\":\"https:\/\/www.siftthedifference.com\/it\/benvenuti\/#breadcrumb\",\"itemListElement\":[{\"@type\":\"ListItem\",\"position\":1,\"name\":\"Home\",\"item\":\"https:\/\/www.siftthedifference.com\/it\/\"},{\"@type\":\"ListItem\",\"position\":2,\"name\":\"Benvenuti\"}]},{\"@type\":\"WebSite\",\"@id\":\"https:\/\/www.siftthedifference.com\/it\/#website\",\"url\":\"https:\/\/www.siftthedifference.com\/it\/\",\"name\":\"Erimaki\",\"description\":\"\",\"potentialAction\":[{\"@type\":\"SearchAction\",\"target\":{\"@type\":\"EntryPoint\",\"urlTemplate\":\"https:\/\/www.siftthedifference.com\/it\/?s={search_term_string}\"},\"query-input\":\"required name=search_term_string\"}],\"inLanguage\":\"it-IT\"}]}<\/script>\n<!-- \/ Yoast SEO plugin. -->","yoast_head_json":{"title":"Leader nella produzione di vagli, vibrovagli e setacci - Erimaki","description":"Erimaki, leader nella progettazione e nella creazione di vibrovagli, \u00e8 una realt\u00e0 italiana che collabora da 30 anni aziende di tutto il mondo.","robots":{"index":"index","follow":"follow","max-snippet":"max-snippet:-1","max-image-preview":"max-image-preview:large","max-video-preview":"max-video-preview:-1"},"canonical":"https:\/\/www.siftthedifference.com\/it\/benvenuti\/","og_locale":"it_IT","og_type":"article","og_title":"Leader nella produzione di vagli, vibrovagli e setacci - Erimaki","og_description":"Erimaki, leader nella progettazione e nella creazione di vibrovagli, \u00e8 una realt\u00e0 italiana che collabora da 30 anni aziende di tutto il mondo.","og_url":"https:\/\/www.siftthedifference.com\/it\/benvenuti\/","og_site_name":"Erimaki","article_modified_time":"2026-02-03T08:54:47+00:00","twitter_card":"summary_large_image","twitter_misc":{"Tempo di lettura stimato":"3 minuti"},"schema":{"@context":"https:\/\/schema.org","@graph":[{"@type":"WebPage","@id":"https:\/\/www.siftthedifference.com\/it\/benvenuti\/","url":"https:\/\/www.siftthedifference.com\/it\/benvenuti\/","name":"Leader nella produzione di vagli, vibrovagli e setacci - Erimaki","isPartOf":{"@id":"https:\/\/www.siftthedifference.com\/it\/#website"},"datePublished":"2019-10-16T09:30:24+00:00","dateModified":"2026-02-03T08:54:47+00:00","description":"Erimaki, leader nella progettazione e nella creazione di vibrovagli, \u00e8 una realt\u00e0 italiana che collabora da 30 anni aziende di tutto il mondo.","breadcrumb":{"@id":"https:\/\/www.siftthedifference.com\/it\/benvenuti\/#breadcrumb"},"inLanguage":"it-IT","potentialAction":[{"@type":"ReadAction","target":["https:\/\/www.siftthedifference.com\/it\/benvenuti\/"]}]},{"@type":"BreadcrumbList","@id":"https:\/\/www.siftthedifference.com\/it\/benvenuti\/#breadcrumb","itemListElement":[{"@type":"ListItem","position":1,"name":"Home","item":"https:\/\/www.siftthedifference.com\/it\/"},{"@type":"ListItem","position":2,"name":"Benvenuti"}]},{"@type":"WebSite","@id":"https:\/\/www.siftthedifference.com\/it\/#website","url":"https:\/\/www.siftthedifference.com\/it\/","name":"Erimaki","description":"","potentialAction":[{"@type":"SearchAction","target":{"@type":"EntryPoint","urlTemplate":"https:\/\/www.siftthedifference.com\/it\/?s={search_term_string}"},"query-input":"required name=search_term_string"}],"inLanguage":"it-IT"}]}},"_links":{"self":[{"href":"https:\/\/www.siftthedifference.com\/it\/wp-json\/wp\/v2\/pages\/6425","targetHints":{"allow":["GET"]}}],"collection":[{"href":"https:\/\/www.siftthedifference.com\/it\/wp-json\/wp\/v2\/pages"}],"about":[{"href":"https:\/\/www.siftthedifference.com\/it\/wp-json\/wp\/v2\/types\/page"}],"author":[{"embeddable":true,"href":"https:\/\/www.siftthedifference.com\/it\/wp-json\/wp\/v2\/users\/5"}],"replies":[{"embeddable":true,"href":"https:\/\/www.siftthedifference.com\/it\/wp-json\/wp\/v2\/comments?post=6425"}],"version-history":[{"count":10,"href":"https:\/\/www.siftthedifference.com\/it\/wp-json\/wp\/v2\/pages\/6425\/revisions"}],"predecessor-version":[{"id":6887,"href":"https:\/\/www.siftthedifference.com\/it\/wp-json\/wp\/v2\/pages\/6425\/revisions\/6887"}],"wp:attachment":[{"href":"https:\/\/www.siftthedifference.com\/it\/wp-json\/wp\/v2\/media?parent=6425"}],"curies":[{"name":"wp","href":"https:\/\/api.w.org\/{rel}","templated":true}]}}