{"id":6610,"date":"2020-10-19T07:51:13","date_gmt":"2020-10-19T07:51:13","guid":{"rendered":"https:\/\/www.siftthedifference.com\/?page_id=6610"},"modified":"2022-05-18T09:40:28","modified_gmt":"2022-05-18T09:40:28","slug":"vaglio-a-nutazione","status":"publish","type":"page","link":"https:\/\/www.siftthedifference.com\/it\/vaglio-a-nutazione\/","title":{"rendered":"Vaglio a nutazione"},"content":{"rendered":"<section class=\"wpb-content-wrapper\">[vc_row fullwidth=&#8221;true&#8221; equal_columns=&#8221;true&#8221;][vc_column width=&#8221;1\/12&#8243;][\/vc_column][vc_column width=&#8221;1\/12&#8243;][mk_padding_divider size=&#8221;15&#8243;][vc_single_image image=&#8221;6061&#8243; img_size=&#8221;full&#8221;][\/vc_column][vc_column width=&#8221;7\/12&#8243;][vc_column_text css=&#8221;.vc_custom_1602847836722{margin-bottom: 0px !important;}&#8221;]\n<h1>Vaglio a nutazione<\/h1>\n[\/vc_column_text][\/vc_column][vc_column visibility=&#8221;hidden-sm&#8221; width=&#8221;1\/6&#8243;][vc_single_image image=&#8221;6444&#8243; img_size=&#8221;full&#8221; onclick=&#8221;custom_link&#8221; img_link_target=&#8221;_blank&#8221; link=&#8221;https:\/\/www.siftthedifference.com\/wp-content\/uploads\/2020\/10\/05-vn.pdf&#8221;][\/vc_column][vc_column width=&#8221;1\/12&#8243;][\/vc_column][vc_column visibility=&#8221;visible-sm&#8221;][vc_single_image image=&#8221;6444&#8243; img_size=&#8221;full&#8221; alignment=&#8221;center&#8221; onclick=&#8221;custom_link&#8221; img_link_target=&#8221;_blank&#8221; link=&#8221;https:\/\/www.siftthedifference.com\/wp-content\/uploads\/2019\/10\/03-vaglio-sd-2ml.pdf&#8221; css=&#8221;.vc_custom_1571231644686{padding-right: 25% !important;padding-left: 25% !important;}&#8221;][\/vc_column][\/vc_row][vc_row][vc_column][mk_padding_divider][\/vc_column][\/vc_row][vc_row fullwidth=&#8221;true&#8221;][vc_column width=&#8221;1\/12&#8243;][\/vc_column][vc_column width=&#8221;1\/2&#8243;][vc_row_inner][vc_column_inner][vc_raw_html]JTNDaWZyYW1lJTIwaWQlM0QlMjIzZF90YWJsZXQlMjIlMjBzcmMlM0QlMjJodHRwcyUzQSUyRiUyRnd3dy5jb3Blcm5pa28uY29tJTJGY2xpZW50aSUyRmVyaW1ha2klMkZlcmltYWtpLTNkLXZpZXdlciUyRmVmaiUyRiUyMiUyMHdpZHRoJTNEJTIyMTAwJTI1JTIyJTIwaGVpZ2h0JTNEJTIyNTAwcHglMjIlMjBhbGxvd2Z1bGxzY3JlZW4lM0QlMjJ0cnVlJTIyJTNFJTNDJTJGaWZyYW1lJTNF[\/vc_raw_html][\/vc_column_inner][\/vc_row_inner][vc_row_inner visibility=&#8221;hidden-sm&#8221;][vc_column_inner width=&#8221;1\/3&#8243; css=&#8221;.vc_custom_1570443925330{margin-top: 0px !important;margin-right: 0px !important;margin-bottom: 0px !important;margin-left: 0px !important;border-top-width: 0px !important;border-right-width: 0px !important;border-bottom-width: 0px !important;border-left-width: 0px !important;padding-top: 0px !important;padding-right: 5px !important;padding-bottom: 0px !important;padding-left: 0px !important;}&#8221;][vc_single_image image=&#8221;6613&#8243; img_size=&#8221;full&#8221; onclick=&#8221;link_image&#8221;][\/vc_column_inner][vc_column_inner width=&#8221;1\/6&#8243; css=&#8221;.vc_custom_1570443905944{margin-top: 0px !important;margin-right: 0px !important;margin-bottom: 0px !important;margin-left: 0px !important;border-top-width: 0px !important;border-right-width: 0px !important;border-bottom-width: 0px !important;border-left-width: 0px !important;padding-top: 0px !important;padding-right: 0px !important;padding-bottom: 0px !important;padding-left: 2.5px !important;}&#8221;][vc_single_image image=&#8221;6615&#8243; img_size=&#8221;full&#8221; onclick=&#8221;link_image&#8221;][\/vc_column_inner][vc_column_inner width=&#8221;1\/2&#8243;][vc_video link=&#8221;https:\/\/youtu.be\/WSAh2S7T7bo&#8221;][\/vc_column_inner][\/vc_row_inner][vc_row_inner visibility=&#8221;visible-sm&#8221;][vc_column_inner][vc_single_image image=&#8221;6613&#8243; img_size=&#8221;full&#8221; onclick=&#8221;link_image&#8221;][vc_single_image image=&#8221;6615&#8243; img_size=&#8221;full&#8221; onclick=&#8221;link_image&#8221;][vc_video link=&#8221;https:\/\/youtu.be\/WSAh2S7T7bo&#8221;][\/vc_column_inner][\/vc_row_inner][\/vc_column][vc_column width=&#8221;1\/3&#8243;][mk_padding_divider size=&#8221;20&#8243; visibility=&#8221;visible-sm&#8221;][vc_single_image image=&#8221;6436&#8243; img_size=&#8221;full&#8221;][vc_column_text css=&#8221;.vc_custom_1603094480151{margin-bottom: 0px !important;}&#8221;]\n<p class=\"corposcheda\">I vagli circolari a scosse si caratterizzano per il movimento NUTAZIONALE che compiono.<br \/>\nGrazie alla tecnologia e alla meccanica utilizzate per la loro costruzione, trovano largo impiego in tutte quelle situazioni di setacciatura in cui i prodotti, in presenza di movimenti &#8221; vibranti&#8221;, impedirebbero la buona riuscita dell&#8217;operazione.<\/p>\n<p class=\"corposcheda\">Classico utilizzo dei vagli a nutazione EFJ \u00e8 la setacciatura di prodotti estremamente fini e\/o leggeri (farina di legno, micronizzati, polveri minerali, polverini plastici).<br \/>\nSe per trattare questi materiali usassimo un classico vaglio vibrante, noteremmo che il prodotto rimbalzando tenderebbe a rimanere in sospensione, faticando ad entrare in contatto con la rete di setacciatura, con la conseguente inefficiente separazione delle varie granulometrie e comunque con capacit\u00e0 di portate orarie assolutamente irrisorie.<\/p>\n<p class=\"corposcheda\">Con la &#8220;nutazione\u201d il prodotto, anzich\u00e9 rimbalzare, scivola in modo spiraliforme sulla rete di setacciatura, cosicch\u00e8 aumentano le possibilit\u00e0 di passaggio del prodotto stesso e si ottengono un eccellente grado di separazione e, allo stesso tempo, grandi portate orarie.<\/p>\n<p class=\"corposcheda\">Per chiarire in modo semplice, diciamo che il movimento generato dai vagli EFJ \u00e8 paragonabile al movimento ottenuto con la setacciatura manuale.<\/p>\n<p class=\"corposcheda\">I vagli EFJ sono costituiti da un basamento piramidale in acciaio al carbonio, sormontato dal blocco vagliante in acciaio al carbonio o in acciaio inox, comprendente da uno a quattro piani vaglianti.<\/p>\n<p class=\"corposcheda\">Tutte le macchine vengono fornite complete di coperchio.<\/p>\n<p class=\"corposcheda\">In caso di necessit\u00e0 \u00e8 possibile adottare sistemi di pulizia delle reti, che in questo caso saranno di tipo a &#8220;palle&#8221; o &#8220;kleeners&#8221;.<\/p>\n[\/vc_column_text][\/vc_column][vc_column width=&#8221;1\/12&#8243;][\/vc_column][\/vc_row][vc_row][vc_column][mk_padding_divider][\/vc_column][\/vc_row][vc_row fullwidth=&#8221;true&#8221;][vc_column width=&#8221;1\/12&#8243;][\/vc_column][vc_column width=&#8221;5\/12&#8243; css=&#8221;.vc_custom_1570718943279{padding-right: 8% !important;padding-left: 8% !important;}&#8221;][vc_single_image image=&#8221;6617&#8243; img_size=&#8221;full&#8221;][\/vc_column][vc_column width=&#8221;5\/12&#8243;][vc_row_inner][vc_column_inner width=&#8221;1\/2&#8243;][vc_single_image image=&#8221;6439&#8243; img_size=&#8221;full&#8221;][vc_column_text css=&#8221;.vc_custom_1602849057699{margin-bottom: 0px !important;}&#8221;]\u00d8 900 \u00d8 1200 \u00d8 1500 \u00d8 1800 \u00d8 2200<br \/>\nPer maggiori dettagli scarica la scheda tecnica.[\/vc_column_text][mk_padding_divider size=&#8221;20&#8243;][vc_single_image image=&#8221;6441&#8243; img_size=&#8221;full&#8221;][vc_column_text css=&#8221;.vc_custom_1602849109357{margin-bottom: 0px !important;}&#8221;]Farina di legno<br \/>\nMicronizzati<br \/>\nPolveri minerali<br \/>\nPolverini plastici<br \/>\n[\/vc_column_text][\/vc_column_inner][vc_column_inner width=&#8221;1\/2&#8243;][\/vc_column_inner][\/vc_row_inner][\/vc_column][vc_column width=&#8221;1\/12&#8243;][\/vc_column][\/vc_row][vc_row][vc_column width=&#8221;1\/6&#8243;][\/vc_column][vc_column width=&#8221;2\/3&#8243;][mk_padding_divider size=&#8221;30&#8243;][vc_column_text css=&#8221;.vc_custom_1602589119030{margin-bottom: 0px !important;}&#8221;]\n<p style=\"text-align: center;\">Contattaci per avere ulteriori info riguardanti<br \/>\nspecifiche tecniche, costi d\u2019acquisto o dettagli relativi al<br \/>\nservizio di noleggio a lungo termine.<\/p>\n[\/vc_column_text][\/vc_column][vc_column width=&#8221;1\/6&#8243;][\/vc_column][\/vc_row][vc_row][vc_column width=&#8221;1\/3&#8243;][\/vc_column][vc_column width=&#8221;1\/3&#8243;][vc_single_image image=&#8221;6600&#8243; img_size=&#8221;full&#8221; alignment=&#8221;center&#8221; onclick=&#8221;custom_link&#8221; img_link_target=&#8221;_blank&#8221; link=&#8221;https:\/\/www.erimaki.it\/noleggio.asp&#8221;][\/vc_column][vc_column width=&#8221;1\/3&#8243;][\/vc_column][\/vc_row][vc_row el_class=&#8221;nascosto&#8221;][vc_column width=&#8221;1\/3&#8243;][\/vc_column][vc_column width=&#8221;1\/3&#8243;][vc_single_image image=&#8221;6462&#8243; img_size=&#8221;full&#8221; alignment=&#8221;center&#8221; onclick=&#8221;custom_link&#8221; link=&#8221;https:\/\/www.siftthedifference.com\/it\/prodotti-top\/&#8221;][\/vc_column][vc_column width=&#8221;1\/3&#8243;][\/vc_column][\/vc_row][vc_row fullwidth=&#8221;true&#8221; visibility=&#8221;hidden-sm&#8221; css=&#8221;.vc_custom_1652864188886{margin-bottom: -50px !important;border-left-width: 0px !important;background-color: #ffffff !important;border-left-style: solid !important;}&#8221;][vc_column width=&#8221;1\/2&#8243;][vc_row_inner][vc_column_inner width=&#8221;1\/4&#8243;][\/vc_column_inner][vc_column_inner width=&#8221;1\/2&#8243;][vc_single_image image=&#8221;6740&#8243; img_size=&#8221;large&#8221; alignment=&#8221;center&#8221; css=&#8221;.vc_custom_1652866416505{margin-top: 40px !important;margin-bottom: 40px !important;}&#8221;][\/vc_column_inner][vc_column_inner width=&#8221;1\/4&#8243;][\/vc_column_inner][\/vc_row_inner][\/vc_column][vc_column width=&#8221;1\/2&#8243; css=&#8221;.vc_custom_1652862028014{border-left-width: 1px !important;border-left-color: #000000 !important;border-left-style: solid !important;}&#8221;][vc_row_inner][vc_column_inner width=&#8221;1\/4&#8243;][\/vc_column_inner][vc_column_inner width=&#8221;1\/2&#8243;][vc_single_image image=&#8221;6794&#8243; img_size=&#8221;large&#8221; alignment=&#8221;center&#8221; onclick=&#8221;custom_link&#8221; css=&#8221;.vc_custom_1652866436985{margin-top: 40px !important;margin-bottom: 40px !important;}&#8221; link=&#8221;https:\/\/www.siftthedifference.com\/it\/bando-fiere-internazionali-in-lombardia\/&#8221;][\/vc_column_inner][vc_column_inner width=&#8221;1\/4&#8243;][\/vc_column_inner][\/vc_row_inner][\/vc_column][\/vc_row][vc_row fullwidth=&#8221;true&#8221; visibility=&#8221;visible-sm&#8221; css=&#8221;.vc_custom_1652864193714{margin-bottom: -30px !important;border-left-width: 0px !important;background-color: #ffffff !important;border-left-style: solid !important;}&#8221;][vc_column width=&#8221;1\/2&#8243;][vc_row_inner][vc_column_inner width=&#8221;1\/4&#8243;][\/vc_column_inner][vc_column_inner width=&#8221;1\/2&#8243;][vc_single_image image=&#8221;6740&#8243; img_size=&#8221;large&#8221; alignment=&#8221;center&#8221; css=&#8221;.vc_custom_1652866429976{margin-top: 40px !important;margin-bottom: 40px !important;}&#8221;][\/vc_column_inner][vc_column_inner width=&#8221;1\/4&#8243;][\/vc_column_inner][\/vc_row_inner][\/vc_column][vc_column width=&#8221;1\/2&#8243; css=&#8221;.vc_custom_1652862196025{border-left-width: 0px !important;border-left-color: #000000 !important;border-left-style: solid !important;}&#8221;][vc_row_inner][vc_column_inner width=&#8221;1\/4&#8243;][\/vc_column_inner][vc_column_inner width=&#8221;1\/2&#8243;][vc_single_image image=&#8221;6794&#8243; img_size=&#8221;large&#8221; alignment=&#8221;center&#8221; onclick=&#8221;custom_link&#8221; css=&#8221;.vc_custom_1652866445378{margin-top: 40px !important;margin-bottom: 40px !important;}&#8221; link=&#8221;https:\/\/www.siftthedifference.com\/it\/bando-fiere-internazionali-in-lombardia\/&#8221;][\/vc_column_inner][vc_column_inner width=&#8221;1\/4&#8243;][\/vc_column_inner][\/vc_row_inner][\/vc_column][\/vc_row]\n<\/section>","protected":false},"excerpt":{"rendered":"<p>[vc_row fullwidth=&#8221;true&#8221; equal_columns=&#8221;true&#8221;][vc_column width=&#8221;1\/12&#8243;][\/vc_column][vc_column width=&#8221;1\/12&#8243;][mk_padding_divider size=&#8221;15&#8243;][vc_single_image image=&#8221;6061&#8243; img_size=&#8221;full&#8221;][\/vc_column][vc_column width=&#8221;7\/12&#8243;][vc_column_text css=&#8221;.vc_custom_1602847836722{margin-bottom: 0px !important;}&#8221;] Vaglio a nutazione [\/vc_column_text][\/vc_column][vc_column visibility=&#8221;hidden-sm&#8221; width=&#8221;1\/6&#8243;][vc_single_image image=&#8221;6444&#8243; img_size=&#8221;full&#8221; onclick=&#8221;custom_link&#8221; img_link_target=&#8221;_blank&#8221; link=&#8221;https:\/\/www.siftthedifference.com\/wp-content\/uploads\/2020\/10\/05-vn.pdf&#8221;][\/vc_column][vc_column width=&#8221;1\/12&#8243;][\/vc_column][vc_column visibility=&#8221;visible-sm&#8221;][vc_single_image image=&#8221;6444&#8243; img_size=&#8221;full&#8221; alignment=&#8221;center&#8221; onclick=&#8221;custom_link&#8221; img_link_target=&#8221;_blank&#8221; link=&#8221;https:\/\/www.siftthedifference.com\/wp-content\/uploads\/2019\/10\/03-vaglio-sd-2ml.pdf&#8221; css=&#8221;.vc_custom_1571231644686{padding-right: 25% !important;padding-left: 25% !important;}&#8221;][\/vc_column][\/vc_row][vc_row][vc_column][mk_padding_divider][\/vc_column][\/vc_row][vc_row fullwidth=&#8221;true&#8221;][vc_column width=&#8221;1\/12&#8243;][\/vc_column][vc_column width=&#8221;1\/2&#8243;][vc_row_inner][vc_column_inner][vc_raw_html]JTNDaWZyYW1lJTIwaWQlM0QlMjIzZF90YWJsZXQlMjIlMjBzcmMlM0QlMjJodHRwcyUzQSUyRiUyRnd3dy5jb3Blcm5pa28uY29tJTJGY2xpZW50aSUyRmVyaW1ha2klMkZlcmltYWtpLTNkLXZpZXdlciUyRmVmaiUyRiUyMiUyMHdpZHRoJTNEJTIyMTAwJTI1JTIyJTIwaGVpZ2h0JTNEJTIyNTAwcHglMjIlMjBhbGxvd2Z1bGxzY3JlZW4lM0QlMjJ0cnVlJTIyJTNFJTNDJTJGaWZyYW1lJTNF[\/vc_raw_html][\/vc_column_inner][\/vc_row_inner][vc_row_inner visibility=&#8221;hidden-sm&#8221;][vc_column_inner width=&#8221;1\/3&#8243; css=&#8221;.vc_custom_1570443925330{margin-top: 0px !important;margin-right: 0px !important;margin-bottom: 0px !important;margin-left: 0px !important;border-top-width: 0px !important;border-right-width: 0px !important;border-bottom-width: 0px [&hellip;]<\/p>\n","protected":false},"author":5,"featured_media":0,"parent":0,"menu_order":0,"comment_status":"closed","ping_status":"closed","template":"","meta":{"footnotes":""},"class_list":["post-6610","page","type-page","status-publish","hentry"],"yoast_head":"<!-- This site is optimized with the Yoast SEO plugin v19.11 - https:\/\/yoast.com\/wordpress\/plugins\/seo\/ -->\n<title>Vagli a nutazione con movimento circolare - Erimaki<\/title>\n<meta name=\"description\" content=\"I vagli circolari a scosse si caratterizzano per il movimento nutazionale che compiono per la setacciatura in cui i prodotti\" \/>\n<meta name=\"robots\" content=\"index, follow, max-snippet:-1, max-image-preview:large, max-video-preview:-1\" \/>\n<link rel=\"canonical\" href=\"https:\/\/www.siftthedifference.com\/it\/vaglio-a-nutazione\/\" \/>\n<meta property=\"og:locale\" content=\"it_IT\" \/>\n<meta property=\"og:type\" content=\"article\" \/>\n<meta property=\"og:title\" content=\"Vagli a nutazione con movimento circolare - Erimaki\" \/>\n<meta property=\"og:description\" content=\"I vagli circolari a scosse si caratterizzano per il movimento nutazionale che compiono per la setacciatura in cui i prodotti\" \/>\n<meta property=\"og:url\" content=\"https:\/\/www.siftthedifference.com\/it\/vaglio-a-nutazione\/\" \/>\n<meta property=\"og:site_name\" content=\"Erimaki\" \/>\n<meta property=\"article:modified_time\" content=\"2022-05-18T09:40:28+00:00\" \/>\n<meta name=\"twitter:card\" content=\"summary_large_image\" \/>\n<meta name=\"twitter:label1\" content=\"Tempo di lettura stimato\" \/>\n\t<meta name=\"twitter:data1\" content=\"6 minuti\" \/>\n<script type=\"application\/ld+json\" class=\"yoast-schema-graph\">{\"@context\":\"https:\/\/schema.org\",\"@graph\":[{\"@type\":\"WebPage\",\"@id\":\"https:\/\/www.siftthedifference.com\/it\/vaglio-a-nutazione\/\",\"url\":\"https:\/\/www.siftthedifference.com\/it\/vaglio-a-nutazione\/\",\"name\":\"Vagli a nutazione con movimento circolare - Erimaki\",\"isPartOf\":{\"@id\":\"https:\/\/www.siftthedifference.com\/it\/#website\"},\"datePublished\":\"2020-10-19T07:51:13+00:00\",\"dateModified\":\"2022-05-18T09:40:28+00:00\",\"description\":\"I vagli circolari a scosse si caratterizzano per il movimento nutazionale che compiono per la setacciatura in cui i prodotti\",\"breadcrumb\":{\"@id\":\"https:\/\/www.siftthedifference.com\/it\/vaglio-a-nutazione\/#breadcrumb\"},\"inLanguage\":\"it-IT\",\"potentialAction\":[{\"@type\":\"ReadAction\",\"target\":[\"https:\/\/www.siftthedifference.com\/it\/vaglio-a-nutazione\/\"]}]},{\"@type\":\"BreadcrumbList\",\"@id\":\"https:\/\/www.siftthedifference.com\/it\/vaglio-a-nutazione\/#breadcrumb\",\"itemListElement\":[{\"@type\":\"ListItem\",\"position\":1,\"name\":\"Home\",\"item\":\"https:\/\/www.siftthedifference.com\/it\/\"},{\"@type\":\"ListItem\",\"position\":2,\"name\":\"Vaglio a nutazione\"}]},{\"@type\":\"WebSite\",\"@id\":\"https:\/\/www.siftthedifference.com\/it\/#website\",\"url\":\"https:\/\/www.siftthedifference.com\/it\/\",\"name\":\"Erimaki\",\"description\":\"\",\"potentialAction\":[{\"@type\":\"SearchAction\",\"target\":{\"@type\":\"EntryPoint\",\"urlTemplate\":\"https:\/\/www.siftthedifference.com\/it\/?s={search_term_string}\"},\"query-input\":\"required name=search_term_string\"}],\"inLanguage\":\"it-IT\"}]}<\/script>\n<!-- \/ Yoast SEO plugin. -->","yoast_head_json":{"title":"Vagli a nutazione con movimento circolare - Erimaki","description":"I vagli circolari a scosse si caratterizzano per il movimento nutazionale che compiono per la setacciatura in cui i prodotti","robots":{"index":"index","follow":"follow","max-snippet":"max-snippet:-1","max-image-preview":"max-image-preview:large","max-video-preview":"max-video-preview:-1"},"canonical":"https:\/\/www.siftthedifference.com\/it\/vaglio-a-nutazione\/","og_locale":"it_IT","og_type":"article","og_title":"Vagli a nutazione con movimento circolare - Erimaki","og_description":"I vagli circolari a scosse si caratterizzano per il movimento nutazionale che compiono per la setacciatura in cui i prodotti","og_url":"https:\/\/www.siftthedifference.com\/it\/vaglio-a-nutazione\/","og_site_name":"Erimaki","article_modified_time":"2022-05-18T09:40:28+00:00","twitter_card":"summary_large_image","twitter_misc":{"Tempo di lettura stimato":"6 minuti"},"schema":{"@context":"https:\/\/schema.org","@graph":[{"@type":"WebPage","@id":"https:\/\/www.siftthedifference.com\/it\/vaglio-a-nutazione\/","url":"https:\/\/www.siftthedifference.com\/it\/vaglio-a-nutazione\/","name":"Vagli a nutazione con movimento circolare - Erimaki","isPartOf":{"@id":"https:\/\/www.siftthedifference.com\/it\/#website"},"datePublished":"2020-10-19T07:51:13+00:00","dateModified":"2022-05-18T09:40:28+00:00","description":"I vagli circolari a scosse si caratterizzano per il movimento nutazionale che compiono per la setacciatura in cui i prodotti","breadcrumb":{"@id":"https:\/\/www.siftthedifference.com\/it\/vaglio-a-nutazione\/#breadcrumb"},"inLanguage":"it-IT","potentialAction":[{"@type":"ReadAction","target":["https:\/\/www.siftthedifference.com\/it\/vaglio-a-nutazione\/"]}]},{"@type":"BreadcrumbList","@id":"https:\/\/www.siftthedifference.com\/it\/vaglio-a-nutazione\/#breadcrumb","itemListElement":[{"@type":"ListItem","position":1,"name":"Home","item":"https:\/\/www.siftthedifference.com\/it\/"},{"@type":"ListItem","position":2,"name":"Vaglio a nutazione"}]},{"@type":"WebSite","@id":"https:\/\/www.siftthedifference.com\/it\/#website","url":"https:\/\/www.siftthedifference.com\/it\/","name":"Erimaki","description":"","potentialAction":[{"@type":"SearchAction","target":{"@type":"EntryPoint","urlTemplate":"https:\/\/www.siftthedifference.com\/it\/?s={search_term_string}"},"query-input":"required name=search_term_string"}],"inLanguage":"it-IT"}]}},"_links":{"self":[{"href":"https:\/\/www.siftthedifference.com\/it\/wp-json\/wp\/v2\/pages\/6610","targetHints":{"allow":["GET"]}}],"collection":[{"href":"https:\/\/www.siftthedifference.com\/it\/wp-json\/wp\/v2\/pages"}],"about":[{"href":"https:\/\/www.siftthedifference.com\/it\/wp-json\/wp\/v2\/types\/page"}],"author":[{"embeddable":true,"href":"https:\/\/www.siftthedifference.com\/it\/wp-json\/wp\/v2\/users\/5"}],"replies":[{"embeddable":true,"href":"https:\/\/www.siftthedifference.com\/it\/wp-json\/wp\/v2\/comments?post=6610"}],"version-history":[{"count":8,"href":"https:\/\/www.siftthedifference.com\/it\/wp-json\/wp\/v2\/pages\/6610\/revisions"}],"predecessor-version":[{"id":6812,"href":"https:\/\/www.siftthedifference.com\/it\/wp-json\/wp\/v2\/pages\/6610\/revisions\/6812"}],"wp:attachment":[{"href":"https:\/\/www.siftthedifference.com\/it\/wp-json\/wp\/v2\/media?parent=6610"}],"curies":[{"name":"wp","href":"https:\/\/api.w.org\/{rel}","templated":true}]}}