{"id":6630,"date":"2020-10-19T10:56:50","date_gmt":"2020-10-19T10:56:50","guid":{"rendered":"https:\/\/www.siftthedifference.com\/?page_id=6630"},"modified":"2022-05-18T09:39:20","modified_gmt":"2022-05-18T09:39:20","slug":"separatore-rotativo","status":"publish","type":"page","link":"https:\/\/www.siftthedifference.com\/it\/separatore-rotativo\/","title":{"rendered":"Separatore rotativo"},"content":{"rendered":"<section class=\"wpb-content-wrapper\">[vc_row fullwidth=&#8221;true&#8221; equal_columns=&#8221;true&#8221;][vc_column width=&#8221;1\/12&#8243;][\/vc_column][vc_column width=&#8221;1\/12&#8243;][mk_padding_divider size=&#8221;15&#8243;][vc_single_image image=&#8221;6061&#8243; img_size=&#8221;full&#8221;][\/vc_column][vc_column width=&#8221;7\/12&#8243;][vc_column_text css=&#8221;.vc_custom_1603104723897{margin-bottom: 0px !important;}&#8221;]\n<h1>Separatore rotativo<\/h1>\n[\/vc_column_text][\/vc_column][vc_column visibility=&#8221;hidden-sm&#8221; width=&#8221;1\/6&#8243;][vc_single_image image=&#8221;6444&#8243; img_size=&#8221;full&#8221; onclick=&#8221;custom_link&#8221; img_link_target=&#8221;_blank&#8221; link=&#8221;https:\/\/www.siftthedifference.com\/wp-content\/uploads\/2020\/10\/06-separat-rotativo.pdf&#8221;][\/vc_column][vc_column width=&#8221;1\/12&#8243;][\/vc_column][vc_column visibility=&#8221;visible-sm&#8221;][vc_single_image image=&#8221;6444&#8243; img_size=&#8221;full&#8221; alignment=&#8221;center&#8221; onclick=&#8221;custom_link&#8221; img_link_target=&#8221;_blank&#8221; link=&#8221;https:\/\/www.siftthedifference.com\/wp-content\/uploads\/2019\/10\/04-vaglio-motorecentrale.pdf&#8221; css=&#8221;.vc_custom_1571231800064{padding-right: 25% !important;padding-left: 25% !important;}&#8221;][\/vc_column][\/vc_row][vc_row][vc_column][mk_padding_divider][\/vc_column][\/vc_row][vc_row fullwidth=&#8221;true&#8221;][vc_column width=&#8221;1\/12&#8243;][\/vc_column][vc_column width=&#8221;1\/2&#8243;][vc_row_inner][vc_column_inner][vc_raw_html]JTNDaWZyYW1lJTIwaWQlM0QlMjIzZF90YWJsZXQlMjIlMjBzcmMlM0QlMjJodHRwcyUzQSUyRiUyRnd3dy5jb3Blcm5pa28uY29tJTJGY2xpZW50aSUyRmVyaW1ha2klMkZlcmltYWtpLTNkLXZpZXdlciUyRnNlcGFyYXRvcmUlMkYlMjIlMjB3aWR0aCUzRCUyMjEwMCUyNSUyMiUyMGhlaWdodCUzRCUyMjUwMHB4JTIyJTIwYWxsb3dmdWxsc2NyZWVuJTNEJTIydHJ1ZSUyMiUzRSUzQyUyRmlmcmFtZSUzRQ==[\/vc_raw_html][\/vc_column_inner][\/vc_row_inner][vc_row_inner visibility=&#8221;hidden-sm&#8221;][vc_column_inner width=&#8221;1\/3&#8243; css=&#8221;.vc_custom_1570443388602{margin-top: 0px !important;margin-right: 0px !important;margin-bottom: 0px !important;margin-left: 0px !important;border-top-width: 0px !important;border-right-width: 0px !important;border-bottom-width: 0px !important;border-left-width: 0px !important;padding-top: 0px !important;padding-right: 5px !important;padding-bottom: 0px !important;padding-left: 0px !important;}&#8221;][vc_single_image image=&#8221;6634&#8243; img_size=&#8221;full&#8221; onclick=&#8221;link_image&#8221;][\/vc_column_inner][vc_column_inner width=&#8221;1\/6&#8243; css=&#8221;.vc_custom_1570542656216{margin-top: 0px !important;margin-right: 0px !important;margin-bottom: 0px !important;margin-left: 0px !important;border-top-width: 0px !important;border-right-width: 0px !important;border-bottom-width: 0px !important;border-left-width: 0px !important;padding-top: 0px !important;padding-right: 0px !important;padding-bottom: 0px !important;padding-left: 2.5px !important;}&#8221;][vc_single_image image=&#8221;6636&#8243; img_size=&#8221;full&#8221; onclick=&#8221;link_image&#8221;][\/vc_column_inner][vc_column_inner width=&#8221;1\/2&#8243; css=&#8221;.vc_custom_1570542711200{margin-top: 0px !important;margin-right: 0px !important;margin-bottom: 0px !important;margin-left: 0px !important;border-top-width: 0px !important;border-right-width: 0px !important;border-bottom-width: 0px !important;border-left-width: 0px !important;padding-top: 0px !important;padding-right: 0px !important;padding-bottom: 0px !important;padding-left: 7px !important;}&#8221;][vc_single_image image=&#8221;6638&#8243; img_size=&#8221;full&#8221; onclick=&#8221;link_image&#8221;][\/vc_column_inner][\/vc_row_inner][vc_row_inner visibility=&#8221;visible-sm&#8221;][vc_column_inner][vc_single_image image=&#8221;6634&#8243; img_size=&#8221;full&#8221; onclick=&#8221;link_image&#8221;][vc_single_image image=&#8221;6636&#8243; img_size=&#8221;full&#8221; onclick=&#8221;link_image&#8221;][vc_single_image image=&#8221;6638&#8243; img_size=&#8221;full&#8221; onclick=&#8221;link_image&#8221;][\/vc_column_inner][\/vc_row_inner][\/vc_column][vc_column width=&#8221;1\/3&#8243;][mk_padding_divider size=&#8221;20&#8243; visibility=&#8221;visible-sm&#8221;][vc_single_image image=&#8221;6436&#8243; img_size=&#8221;full&#8221;][vc_column_text css=&#8221;.vc_custom_1603104793475{margin-bottom: 0px !important;}&#8221;]\n<p class=\"corposcheda\">Il separatore rotativo \u00e8 lo strumento ideale per la setacciatura di controllo e raffinazione, poich\u00e9 garantisce uniformit\u00e0 granulometrica ed assenza di impurit\u00e0 nel prodotto trattato.<\/p>\n<p class=\"corposcheda\">Spesso questa operazione \u00e8 richiesta subito prima del confezionamento del prodotto e ci\u00f2 comporta necessariamente il rispetto di due parametri fondamentali:<\/p>\n<p class=\"corposcheda\">1) grado di setacciatura ottimale;<\/p>\n<p class=\"corposcheda\">2) elevato livello di produttivit\u00e0.<\/p>\n<p class=\"corposcheda\">Il funzionamento del separatore rotativo \u00e8 estremamente semplice. Il prodotto viene immesso nella bocca di carico e, attraverso una coclea, \u00e8 introdotto nella camera di setacciatura, costituita da un cestello di rete. Qui, attraverso l&#8217;azione di apposite barre rotanti, il prodotto viene a contatto con la rete, da cui passa la frazione &#8220;fine&#8221; che verr\u00e0 scaricata dalla bocca principale. Le impurit\u00e0 sono invece trattenute e, proseguendo il cammino all&#8217;interno della rete, vengono poi convogliate nella bocca di scarico secondaria. La macchina per il setaccio \u00e8 dotata di attacchi per l&#8217;aria compressa nella parte anteriore e posteriore, per tenere lontana la polvere dai cuscinetti.<\/p>\n<p class=\"corposcheda\">ERIMAKI\u00a0realizza il separatore rotativo in tre modelli, che si differenziano per dimensione e quindi per capacit\u00e0 produttiva oraria, soddisfacendo cos\u00ec le diverse esigenze del cliente. Il materiale costruttivo pu\u00f2 essere acciaio al carbonio o acciaio inox. Quest&#8217;ultimo, a richiesta, pu\u00f2 avere un grado di finitura superficiale con lucidatura a specchio.<\/p>\n<p class=\"corposcheda\">Lo smontaggio delle parti interne del separatore rotativo risulta estremamente semplice, agevolando cos\u00ec le operazioni di pulizia. Come esempio indicativo, sotto elenchiamo alcuni prodotti che normalmente vengono trattati per il setaccio con il separatore rotativo.<\/p>\n[\/vc_column_text][\/vc_column][vc_column width=&#8221;1\/12&#8243;][\/vc_column][\/vc_row][vc_row][vc_column][mk_padding_divider][\/vc_column][\/vc_row][vc_row fullwidth=&#8221;true&#8221;][vc_column width=&#8221;1\/12&#8243;][\/vc_column][vc_column width=&#8221;5\/12&#8243; css=&#8221;.vc_custom_1570718466416{padding-right: 8% !important;padding-left: 8% !important;}&#8221;][vc_single_image image=&#8221;6640&#8243; img_size=&#8221;full&#8221;][\/vc_column][vc_column width=&#8221;5\/12&#8243;][vc_row_inner][vc_column_inner width=&#8221;1\/2&#8243;][vc_single_image image=&#8221;6441&#8243; img_size=&#8221;full&#8221;][vc_column_text css=&#8221;.vc_custom_1603104941104{margin-bottom: 0px !important;}&#8221;]Farine<br \/>\nLatte in polvere<br \/>\nAmido di mais<br \/>\nZucchero<br \/>\nCaff\u00e8<br \/>\nTermoplastici<br \/>\nVernice in polvere<br \/>\nAbrasivi<br \/>\nPolveri minerali[\/vc_column_text][\/vc_column_inner][vc_column_inner width=&#8221;1\/2&#8243;][\/vc_column_inner][\/vc_row_inner][\/vc_column][vc_column width=&#8221;1\/12&#8243;][\/vc_column][\/vc_row][vc_row fullwidth=&#8221;true&#8221;][vc_column width=&#8221;1\/12&#8243;][\/vc_column][vc_column width=&#8221;5\/12&#8243;][vc_row_inner][vc_column_inner width=&#8221;1\/2&#8243;][mk_padding_divider size=&#8221;20&#8243;][vc_single_image image=&#8221;6447&#8243; img_size=&#8221;full&#8221;][\/vc_column_inner][vc_column_inner width=&#8221;1\/2&#8243;][\/vc_column_inner][\/vc_row_inner][vc_row_inner visibility=&#8221;hidden-sm&#8221;][vc_column_inner width=&#8221;1\/4&#8243; css=&#8221;.vc_custom_1570541659029{padding-right: 20% !important;padding-left: 20% !important;}&#8221;][vc_single_image image=&#8221;6642&#8243; img_size=&#8221;full&#8221;][vc_column_text align=&#8221;center&#8221; css=&#8221;.vc_custom_1603104981855{margin-bottom: 0px !important;}&#8221;]Doppio cestello con rete[\/vc_column_text][\/vc_column_inner][vc_column_inner width=&#8221;1\/4&#8243; css=&#8221;.vc_custom_1570541763793{padding-right: 20% !important;padding-left: 20% !important;}&#8221;][\/vc_column_inner][vc_column_inner width=&#8221;1\/4&#8243; css=&#8221;.vc_custom_1570541798777{padding-right: 20% !important;padding-left: 20% !important;}&#8221;][\/vc_column_inner][vc_column_inner width=&#8221;1\/4&#8243;][\/vc_column_inner][\/vc_row_inner][vc_row_inner visibility=&#8221;visible-sm&#8221;][vc_column_inner width=&#8221;1\/4&#8243; css=&#8221;.vc_custom_1570704356450{padding-right: 30% !important;padding-left: 30% !important;}&#8221;][vc_single_image image=&#8221;6642&#8243; img_size=&#8221;full&#8221;][vc_column_text align=&#8221;center&#8221; css=&#8221;.vc_custom_1603104989480{margin-bottom: 0px !important;}&#8221;]Doppio cestello con rete[\/vc_column_text][\/vc_column_inner][vc_column_inner width=&#8221;1\/4&#8243; css=&#8221;.vc_custom_1570704364324{padding-right: 30% !important;padding-left: 30% !important;}&#8221;][\/vc_column_inner][vc_column_inner width=&#8221;1\/4&#8243; css=&#8221;.vc_custom_1570541798777{padding-right: 20% !important;padding-left: 20% !important;}&#8221;][\/vc_column_inner][vc_column_inner width=&#8221;1\/4&#8243;][\/vc_column_inner][\/vc_row_inner][\/vc_column][vc_column width=&#8221;5\/12&#8243;][\/vc_column][vc_column width=&#8221;1\/12&#8243;][\/vc_column][\/vc_row][vc_row][vc_column width=&#8221;1\/6&#8243;][\/vc_column][vc_column width=&#8221;2\/3&#8243;][mk_padding_divider size=&#8221;30&#8243;][vc_column_text css=&#8221;.vc_custom_1602589119030{margin-bottom: 0px !important;}&#8221;]\n<p style=\"text-align: center;\">Contattaci per avere ulteriori info riguardanti<br \/>\nspecifiche tecniche, costi d\u2019acquisto o dettagli relativi al<br \/>\nservizio di noleggio a lungo termine.<\/p>\n[\/vc_column_text][\/vc_column][vc_column width=&#8221;1\/6&#8243;][\/vc_column][\/vc_row][vc_row][vc_column width=&#8221;1\/3&#8243;][\/vc_column][vc_column width=&#8221;1\/3&#8243;][vc_single_image image=&#8221;6600&#8243; img_size=&#8221;full&#8221; alignment=&#8221;center&#8221; onclick=&#8221;custom_link&#8221; img_link_target=&#8221;_blank&#8221; link=&#8221;https:\/\/www.erimaki.it\/noleggio.asp&#8221;][\/vc_column][vc_column width=&#8221;1\/3&#8243;][\/vc_column][\/vc_row][vc_row el_class=&#8221;nascosto&#8221;][vc_column width=&#8221;1\/3&#8243;][\/vc_column][vc_column width=&#8221;1\/3&#8243;][vc_single_image image=&#8221;6462&#8243; img_size=&#8221;full&#8221; alignment=&#8221;center&#8221; onclick=&#8221;custom_link&#8221; link=&#8221;https:\/\/www.siftthedifference.com\/it\/prodotti-top\/&#8221;][\/vc_column][vc_column width=&#8221;1\/3&#8243;][\/vc_column][\/vc_row][vc_row fullwidth=&#8221;true&#8221; visibility=&#8221;hidden-sm&#8221; css=&#8221;.vc_custom_1652864188886{margin-bottom: -50px !important;border-left-width: 0px !important;background-color: #ffffff !important;border-left-style: solid !important;}&#8221;][vc_column width=&#8221;1\/2&#8243;][vc_row_inner][vc_column_inner width=&#8221;1\/4&#8243;][\/vc_column_inner][vc_column_inner width=&#8221;1\/2&#8243;][vc_single_image image=&#8221;6740&#8243; img_size=&#8221;large&#8221; alignment=&#8221;center&#8221; css=&#8221;.vc_custom_1652866416505{margin-top: 40px !important;margin-bottom: 40px !important;}&#8221;][\/vc_column_inner][vc_column_inner width=&#8221;1\/4&#8243;][\/vc_column_inner][\/vc_row_inner][\/vc_column][vc_column width=&#8221;1\/2&#8243; css=&#8221;.vc_custom_1652862028014{border-left-width: 1px !important;border-left-color: #000000 !important;border-left-style: solid !important;}&#8221;][vc_row_inner][vc_column_inner width=&#8221;1\/4&#8243;][\/vc_column_inner][vc_column_inner width=&#8221;1\/2&#8243;][vc_single_image image=&#8221;6794&#8243; img_size=&#8221;large&#8221; alignment=&#8221;center&#8221; onclick=&#8221;custom_link&#8221; css=&#8221;.vc_custom_1652866436985{margin-top: 40px !important;margin-bottom: 40px !important;}&#8221; link=&#8221;https:\/\/www.siftthedifference.com\/it\/bando-fiere-internazionali-in-lombardia\/&#8221;][\/vc_column_inner][vc_column_inner width=&#8221;1\/4&#8243;][\/vc_column_inner][\/vc_row_inner][\/vc_column][\/vc_row][vc_row fullwidth=&#8221;true&#8221; visibility=&#8221;visible-sm&#8221; css=&#8221;.vc_custom_1652864193714{margin-bottom: -30px !important;border-left-width: 0px !important;background-color: #ffffff !important;border-left-style: solid !important;}&#8221;][vc_column width=&#8221;1\/2&#8243;][vc_row_inner][vc_column_inner width=&#8221;1\/4&#8243;][\/vc_column_inner][vc_column_inner width=&#8221;1\/2&#8243;][vc_single_image image=&#8221;6740&#8243; img_size=&#8221;large&#8221; alignment=&#8221;center&#8221; css=&#8221;.vc_custom_1652866429976{margin-top: 40px !important;margin-bottom: 40px !important;}&#8221;][\/vc_column_inner][vc_column_inner width=&#8221;1\/4&#8243;][\/vc_column_inner][\/vc_row_inner][\/vc_column][vc_column width=&#8221;1\/2&#8243; css=&#8221;.vc_custom_1652862196025{border-left-width: 0px !important;border-left-color: #000000 !important;border-left-style: solid !important;}&#8221;][vc_row_inner][vc_column_inner width=&#8221;1\/4&#8243;][\/vc_column_inner][vc_column_inner width=&#8221;1\/2&#8243;][vc_single_image image=&#8221;6794&#8243; img_size=&#8221;large&#8221; alignment=&#8221;center&#8221; onclick=&#8221;custom_link&#8221; css=&#8221;.vc_custom_1652866445378{margin-top: 40px !important;margin-bottom: 40px !important;}&#8221; link=&#8221;https:\/\/www.siftthedifference.com\/it\/bando-fiere-internazionali-in-lombardia\/&#8221;][\/vc_column_inner][vc_column_inner width=&#8221;1\/4&#8243;][\/vc_column_inner][\/vc_row_inner][\/vc_column][\/vc_row]\n<\/section>","protected":false},"excerpt":{"rendered":"<p>[vc_row fullwidth=&#8221;true&#8221; equal_columns=&#8221;true&#8221;][vc_column width=&#8221;1\/12&#8243;][\/vc_column][vc_column width=&#8221;1\/12&#8243;][mk_padding_divider size=&#8221;15&#8243;][vc_single_image image=&#8221;6061&#8243; img_size=&#8221;full&#8221;][\/vc_column][vc_column width=&#8221;7\/12&#8243;][vc_column_text css=&#8221;.vc_custom_1603104723897{margin-bottom: 0px !important;}&#8221;] Separatore rotativo [\/vc_column_text][\/vc_column][vc_column visibility=&#8221;hidden-sm&#8221; width=&#8221;1\/6&#8243;][vc_single_image image=&#8221;6444&#8243; img_size=&#8221;full&#8221; onclick=&#8221;custom_link&#8221; img_link_target=&#8221;_blank&#8221; link=&#8221;https:\/\/www.siftthedifference.com\/wp-content\/uploads\/2020\/10\/06-separat-rotativo.pdf&#8221;][\/vc_column][vc_column width=&#8221;1\/12&#8243;][\/vc_column][vc_column visibility=&#8221;visible-sm&#8221;][vc_single_image image=&#8221;6444&#8243; img_size=&#8221;full&#8221; alignment=&#8221;center&#8221; onclick=&#8221;custom_link&#8221; img_link_target=&#8221;_blank&#8221; link=&#8221;https:\/\/www.siftthedifference.com\/wp-content\/uploads\/2019\/10\/04-vaglio-motorecentrale.pdf&#8221; css=&#8221;.vc_custom_1571231800064{padding-right: 25% !important;padding-left: 25% !important;}&#8221;][\/vc_column][\/vc_row][vc_row][vc_column][mk_padding_divider][\/vc_column][\/vc_row][vc_row fullwidth=&#8221;true&#8221;][vc_column width=&#8221;1\/12&#8243;][\/vc_column][vc_column width=&#8221;1\/2&#8243;][vc_row_inner][vc_column_inner][vc_raw_html]JTNDaWZyYW1lJTIwaWQlM0QlMjIzZF90YWJsZXQlMjIlMjBzcmMlM0QlMjJodHRwcyUzQSUyRiUyRnd3dy5jb3Blcm5pa28uY29tJTJGY2xpZW50aSUyRmVyaW1ha2klMkZlcmltYWtpLTNkLXZpZXdlciUyRnNlcGFyYXRvcmUlMkYlMjIlMjB3aWR0aCUzRCUyMjEwMCUyNSUyMiUyMGhlaWdodCUzRCUyMjUwMHB4JTIyJTIwYWxsb3dmdWxsc2NyZWVuJTNEJTIydHJ1ZSUyMiUzRSUzQyUyRmlmcmFtZSUzRQ==[\/vc_raw_html][\/vc_column_inner][\/vc_row_inner][vc_row_inner visibility=&#8221;hidden-sm&#8221;][vc_column_inner width=&#8221;1\/3&#8243; css=&#8221;.vc_custom_1570443388602{margin-top: 0px !important;margin-right: 0px !important;margin-bottom: 0px !important;margin-left: 0px !important;border-top-width: 0px !important;border-right-width: 0px !important;border-bottom-width: 0px !important;border-left-width: [&hellip;]<\/p>\n","protected":false},"author":5,"featured_media":0,"parent":0,"menu_order":0,"comment_status":"closed","ping_status":"closed","template":"","meta":{"footnotes":""},"class_list":["post-6630","page","type-page","status-publish","hentry"],"yoast_head":"<!-- This site is optimized with the Yoast SEO plugin v19.11 - https:\/\/yoast.com\/wordpress\/plugins\/seo\/ -->\n<title>Separatore rotativo per setacciare con raffinazione - Erimaki<\/title>\n<meta name=\"description\" content=\"Il separatore rotativo \u00e8 lo strumento ideale per la setacciatura di controllo e raffinazione. Garantisce assenza di impurit\u00e0 nel prodotto trattato.\" \/>\n<meta name=\"robots\" content=\"index, follow, max-snippet:-1, max-image-preview:large, max-video-preview:-1\" \/>\n<link rel=\"canonical\" href=\"https:\/\/www.siftthedifference.com\/it\/separatore-rotativo\/\" \/>\n<meta property=\"og:locale\" content=\"it_IT\" \/>\n<meta property=\"og:type\" content=\"article\" \/>\n<meta property=\"og:title\" content=\"Separatore rotativo per setacciare con raffinazione - Erimaki\" \/>\n<meta property=\"og:description\" content=\"Il separatore rotativo \u00e8 lo strumento ideale per la setacciatura di controllo e raffinazione. Garantisce assenza di impurit\u00e0 nel prodotto trattato.\" \/>\n<meta property=\"og:url\" content=\"https:\/\/www.siftthedifference.com\/it\/separatore-rotativo\/\" \/>\n<meta property=\"og:site_name\" content=\"Erimaki\" \/>\n<meta property=\"article:modified_time\" content=\"2022-05-18T09:39:20+00:00\" \/>\n<meta name=\"twitter:card\" content=\"summary_large_image\" \/>\n<meta name=\"twitter:label1\" content=\"Tempo di lettura stimato\" \/>\n\t<meta name=\"twitter:data1\" content=\"7 minuti\" \/>\n<script type=\"application\/ld+json\" class=\"yoast-schema-graph\">{\"@context\":\"https:\/\/schema.org\",\"@graph\":[{\"@type\":\"WebPage\",\"@id\":\"https:\/\/www.siftthedifference.com\/it\/separatore-rotativo\/\",\"url\":\"https:\/\/www.siftthedifference.com\/it\/separatore-rotativo\/\",\"name\":\"Separatore rotativo per setacciare con raffinazione - Erimaki\",\"isPartOf\":{\"@id\":\"https:\/\/www.siftthedifference.com\/it\/#website\"},\"datePublished\":\"2020-10-19T10:56:50+00:00\",\"dateModified\":\"2022-05-18T09:39:20+00:00\",\"description\":\"Il separatore rotativo \u00e8 lo strumento ideale per la setacciatura di controllo e raffinazione. Garantisce assenza di impurit\u00e0 nel prodotto trattato.\",\"breadcrumb\":{\"@id\":\"https:\/\/www.siftthedifference.com\/it\/separatore-rotativo\/#breadcrumb\"},\"inLanguage\":\"it-IT\",\"potentialAction\":[{\"@type\":\"ReadAction\",\"target\":[\"https:\/\/www.siftthedifference.com\/it\/separatore-rotativo\/\"]}]},{\"@type\":\"BreadcrumbList\",\"@id\":\"https:\/\/www.siftthedifference.com\/it\/separatore-rotativo\/#breadcrumb\",\"itemListElement\":[{\"@type\":\"ListItem\",\"position\":1,\"name\":\"Home\",\"item\":\"https:\/\/www.siftthedifference.com\/it\/\"},{\"@type\":\"ListItem\",\"position\":2,\"name\":\"Separatore rotativo\"}]},{\"@type\":\"WebSite\",\"@id\":\"https:\/\/www.siftthedifference.com\/it\/#website\",\"url\":\"https:\/\/www.siftthedifference.com\/it\/\",\"name\":\"Erimaki\",\"description\":\"\",\"potentialAction\":[{\"@type\":\"SearchAction\",\"target\":{\"@type\":\"EntryPoint\",\"urlTemplate\":\"https:\/\/www.siftthedifference.com\/it\/?s={search_term_string}\"},\"query-input\":\"required name=search_term_string\"}],\"inLanguage\":\"it-IT\"}]}<\/script>\n<!-- \/ Yoast SEO plugin. -->","yoast_head_json":{"title":"Separatore rotativo per setacciare con raffinazione - Erimaki","description":"Il separatore rotativo \u00e8 lo strumento ideale per la setacciatura di controllo e raffinazione. Garantisce assenza di impurit\u00e0 nel prodotto trattato.","robots":{"index":"index","follow":"follow","max-snippet":"max-snippet:-1","max-image-preview":"max-image-preview:large","max-video-preview":"max-video-preview:-1"},"canonical":"https:\/\/www.siftthedifference.com\/it\/separatore-rotativo\/","og_locale":"it_IT","og_type":"article","og_title":"Separatore rotativo per setacciare con raffinazione - Erimaki","og_description":"Il separatore rotativo \u00e8 lo strumento ideale per la setacciatura di controllo e raffinazione. Garantisce assenza di impurit\u00e0 nel prodotto trattato.","og_url":"https:\/\/www.siftthedifference.com\/it\/separatore-rotativo\/","og_site_name":"Erimaki","article_modified_time":"2022-05-18T09:39:20+00:00","twitter_card":"summary_large_image","twitter_misc":{"Tempo di lettura stimato":"7 minuti"},"schema":{"@context":"https:\/\/schema.org","@graph":[{"@type":"WebPage","@id":"https:\/\/www.siftthedifference.com\/it\/separatore-rotativo\/","url":"https:\/\/www.siftthedifference.com\/it\/separatore-rotativo\/","name":"Separatore rotativo per setacciare con raffinazione - Erimaki","isPartOf":{"@id":"https:\/\/www.siftthedifference.com\/it\/#website"},"datePublished":"2020-10-19T10:56:50+00:00","dateModified":"2022-05-18T09:39:20+00:00","description":"Il separatore rotativo \u00e8 lo strumento ideale per la setacciatura di controllo e raffinazione. Garantisce assenza di impurit\u00e0 nel prodotto trattato.","breadcrumb":{"@id":"https:\/\/www.siftthedifference.com\/it\/separatore-rotativo\/#breadcrumb"},"inLanguage":"it-IT","potentialAction":[{"@type":"ReadAction","target":["https:\/\/www.siftthedifference.com\/it\/separatore-rotativo\/"]}]},{"@type":"BreadcrumbList","@id":"https:\/\/www.siftthedifference.com\/it\/separatore-rotativo\/#breadcrumb","itemListElement":[{"@type":"ListItem","position":1,"name":"Home","item":"https:\/\/www.siftthedifference.com\/it\/"},{"@type":"ListItem","position":2,"name":"Separatore rotativo"}]},{"@type":"WebSite","@id":"https:\/\/www.siftthedifference.com\/it\/#website","url":"https:\/\/www.siftthedifference.com\/it\/","name":"Erimaki","description":"","potentialAction":[{"@type":"SearchAction","target":{"@type":"EntryPoint","urlTemplate":"https:\/\/www.siftthedifference.com\/it\/?s={search_term_string}"},"query-input":"required name=search_term_string"}],"inLanguage":"it-IT"}]}},"_links":{"self":[{"href":"https:\/\/www.siftthedifference.com\/it\/wp-json\/wp\/v2\/pages\/6630","targetHints":{"allow":["GET"]}}],"collection":[{"href":"https:\/\/www.siftthedifference.com\/it\/wp-json\/wp\/v2\/pages"}],"about":[{"href":"https:\/\/www.siftthedifference.com\/it\/wp-json\/wp\/v2\/types\/page"}],"author":[{"embeddable":true,"href":"https:\/\/www.siftthedifference.com\/it\/wp-json\/wp\/v2\/users\/5"}],"replies":[{"embeddable":true,"href":"https:\/\/www.siftthedifference.com\/it\/wp-json\/wp\/v2\/comments?post=6630"}],"version-history":[{"count":6,"href":"https:\/\/www.siftthedifference.com\/it\/wp-json\/wp\/v2\/pages\/6630\/revisions"}],"predecessor-version":[{"id":6810,"href":"https:\/\/www.siftthedifference.com\/it\/wp-json\/wp\/v2\/pages\/6630\/revisions\/6810"}],"wp:attachment":[{"href":"https:\/\/www.siftthedifference.com\/it\/wp-json\/wp\/v2\/media?parent=6630"}],"curies":[{"name":"wp","href":"https:\/\/api.w.org\/{rel}","templated":true}]}}